{"id":14,"date":"2018-12-13T13:55:49","date_gmt":"2018-12-13T13:55:49","guid":{"rendered":"https:\/\/frutitalpa.com\/?page_id=14"},"modified":"2026-04-28T16:56:36","modified_gmt":"2026-04-28T16:56:36","slug":"quienes-somos","status":"publish","type":"page","link":"https:\/\/frutitalpa.com\/?page_id=14","title":{"rendered":"Qui\u00e9nes Somos"},"content":{"rendered":"<div id=\"u813-11\" class=\"clearfix colelem\" data-muse-uid=\"U813\">\n<h1>Qui\u00e9nes Somos<\/h1>\n<p id=\"u813-2\">Una empresa respaldada\u00a0 por\u00a0 m\u00e1s de 30 a\u00f1os de experiencia en la fabricaci\u00f3n de dulces de fruta 100% natural, comprometidos en otorgar siempre productos frescos y de la mejor calidad en todas nuestras presentaciones.<\/p>\n<p id=\"u813-5\">Orgullosamente\u00a0\u00a0 enriquecemos la gran gama de los dulces t\u00edpicos de Jalisco, haciendo de su sabor el sello que nos\u00a0 distingue por su\u00a0\u00a0 calidad.<\/p>\n<p id=\"u813-8\">Preocupados\u00a0 por la satisfacci\u00f3n y necesidades\u00a0 de nuestros clientes, sabemos que la dedicaci\u00f3n en la mejora de nuestros productos es fundamental, por eso innovamos y\u00a0 desarrollamos\u00a0 productos con az\u00facar y sin az\u00facar.<\/p>\n<\/div>\n<div id=\"u813-11\" class=\"clearfix colelem\" data-muse-uid=\"U813\">\n<h1><\/h1>\n<h1>Misi\u00f3n<\/h1>\n<\/div>\n<div id=\"u1216-4\" class=\"clearfix colelem\" data-muse-uid=\"U1216\">\n<p>FrutiTalpa tiene como misi\u00f3n la creaci\u00f3n, desarrollo y fabricaci\u00f3n de productos t\u00edpicos de la regi\u00f3n que ofrezcan un valor agregado, ofreciendo a nuestros clientes un alto est\u00e1ndar de calidad y confiabilidad y de igual forma incrementando nuestra participaci\u00f3n en el mercado.<\/p>\n<h1>Visi\u00f3n<\/h1>\n<\/div>\n<div id=\"u1218-4\" class=\"clearfix colelem\" data-muse-uid=\"U1218\">\n<p>Innovar continuamente el portafolio de productos, superando consistentemente las expectativas de nuestros clientes y desarrollando la participaci\u00f3n en el mercado a nivel internacional.<\/p>\n<\/div>\n","protected":false},"excerpt":{"rendered":"<p>Qui\u00e9nes Somos Una empresa respaldada\u00a0 por\u00a0 m\u00e1s de 30 a\u00f1os de experiencia en la fabricaci\u00f3n de dulces de fruta 100% natural, comprometidos en otorgar siempre productos frescos y de la mejor calidad en todas nuestras presentaciones. Orgullosamente\u00a0\u00a0 enriquecemos la gran gama de los dulces t\u00edpicos de Jalisco, haciendo de su sabor el sello que nos\u00a0 [&hellip;]<\/p>\n","protected":false},"author":1,"featured_media":178,"parent":0,"menu_order":0,"comment_status":"closed","ping_status":"closed","template":"","meta":{"_joinchat":[],"footnotes":""},"class_list":["post-14","page","type-page","status-publish","has-post-thumbnail","hentry"],"_links":{"self":[{"href":"https:\/\/frutitalpa.com\/index.php?rest_route=\/wp\/v2\/pages\/14","targetHints":{"allow":["GET"]}}],"collection":[{"href":"https:\/\/frutitalpa.com\/index.php?rest_route=\/wp\/v2\/pages"}],"about":[{"href":"https:\/\/frutitalpa.com\/index.php?rest_route=\/wp\/v2\/types\/page"}],"author":[{"embeddable":true,"href":"https:\/\/frutitalpa.com\/index.php?rest_route=\/wp\/v2\/users\/1"}],"replies":[{"embeddable":true,"href":"https:\/\/frutitalpa.com\/index.php?rest_route=%2Fwp%2Fv2%2Fcomments&post=14"}],"version-history":[{"count":16,"href":"https:\/\/frutitalpa.com\/index.php?rest_route=\/wp\/v2\/pages\/14\/revisions"}],"predecessor-version":[{"id":237,"href":"https:\/\/frutitalpa.com\/index.php?rest_route=\/wp\/v2\/pages\/14\/revisions\/237"}],"wp:featuredmedia":[{"embeddable":true,"href":"https:\/\/frutitalpa.com\/index.php?rest_route=\/wp\/v2\/media\/178"}],"wp:attachment":[{"href":"https:\/\/frutitalpa.com\/index.php?rest_route=%2Fwp%2Fv2%2Fmedia&parent=14"}],"curies":[{"name":"wp","href":"https:\/\/api.w.org\/{rel}","templated":true}]}}