{"id":18,"date":"2018-12-13T13:55:50","date_gmt":"2018-12-13T13:55:50","guid":{"rendered":"https:\/\/frutitalpa.com\/?page_id=18"},"modified":"2020-08-13T20:33:15","modified_gmt":"2020-08-13T20:33:15","slug":"contacto","status":"publish","type":"page","link":"https:\/\/frutitalpa.com\/?page_id=18","title":{"rendered":"Contacto"},"content":{"rendered":"<p style=\"text-align: center;\">Ponte en contacto con nosotros por los siguientes medios, nos encantar\u00eda leerte o escucharte.<\/p>\n<h4 style=\"text-align: center;\"><strong>Tel\u00e9fono:<\/strong>\u00a0388 38 50499<\/h4>\n<h4 style=\"text-align: center;\"><strong>E-mail:<\/strong> <a href=\"mailto:contacto@frutitalpa.com\">contacto@frutitalpa.com<\/a><\/h4>\n<hr \/>\n<p style=\"text-align: center;\">O si lo prefieres rellena este formulario y tu informaci\u00f3n llegar\u00e1 a nosotros de manera segura. Te responderemos lo m\u00e1s pronto posible.<\/p>\n<p style=\"text-align: center;\">[ninja_form id=2]<\/p>\n","protected":false},"excerpt":{"rendered":"<p>Ponte en contacto con nosotros por los siguientes medios, nos encantar\u00eda leerte o escucharte. Tel\u00e9fono:\u00a0388 38 50499 E-mail: contacto@frutitalpa.com O si lo prefieres rellena este formulario y tu informaci\u00f3n llegar\u00e1 a nosotros de manera segura. Te responderemos lo m\u00e1s pronto posible. [ninja_form id=2]<\/p>\n","protected":false},"author":1,"featured_media":175,"parent":0,"menu_order":0,"comment_status":"closed","ping_status":"closed","template":"","meta":{"_joinchat":[],"footnotes":""},"class_list":["post-18","page","type-page","status-publish","has-post-thumbnail","hentry"],"_links":{"self":[{"href":"https:\/\/frutitalpa.com\/index.php?rest_route=\/wp\/v2\/pages\/18","targetHints":{"allow":["GET"]}}],"collection":[{"href":"https:\/\/frutitalpa.com\/index.php?rest_route=\/wp\/v2\/pages"}],"about":[{"href":"https:\/\/frutitalpa.com\/index.php?rest_route=\/wp\/v2\/types\/page"}],"author":[{"embeddable":true,"href":"https:\/\/frutitalpa.com\/index.php?rest_route=\/wp\/v2\/users\/1"}],"replies":[{"embeddable":true,"href":"https:\/\/frutitalpa.com\/index.php?rest_route=%2Fwp%2Fv2%2Fcomments&post=18"}],"version-history":[{"count":10,"href":"https:\/\/frutitalpa.com\/index.php?rest_route=\/wp\/v2\/pages\/18\/revisions"}],"predecessor-version":[{"id":219,"href":"https:\/\/frutitalpa.com\/index.php?rest_route=\/wp\/v2\/pages\/18\/revisions\/219"}],"wp:featuredmedia":[{"embeddable":true,"href":"https:\/\/frutitalpa.com\/index.php?rest_route=\/wp\/v2\/media\/175"}],"wp:attachment":[{"href":"https:\/\/frutitalpa.com\/index.php?rest_route=%2Fwp%2Fv2%2Fmedia&parent=18"}],"curies":[{"name":"wp","href":"https:\/\/api.w.org\/{rel}","templated":true}]}}