{"id":46,"date":"2018-12-13T14:06:54","date_gmt":"2018-12-13T14:06:54","guid":{"rendered":"https:\/\/frutitalpa.com\/?page_id=46"},"modified":"2018-12-27T17:34:20","modified_gmt":"2018-12-27T17:34:20","slug":"sucursales-frutitalpa","status":"publish","type":"page","link":"https:\/\/frutitalpa.com\/?page_id=46","title":{"rendered":"Sucursales FrutiTalpa"},"content":{"rendered":"<h3 id=\"u931-5\" style=\"text-align: center;\">Sucursal Matriz<\/h3>\n<p id=\"u931-7\" style=\"text-align: center;\">Independencia 39-A,\u00a0Col. Centro,\u00a0Talpa de Allende, Jalisco, M\u00e9xico.<\/p>\n<h3 id=\"u931-14\" style=\"text-align: center;\">Sucursal Plaza<\/h3>\n<p id=\"u931-16\" style=\"text-align: center;\"><span id=\"u931-15\">Portal de la Plaza Principal,\u00a0<\/span><span id=\"u931-17\">Talpa de Allende, Jalisco, M\u00e9xico.<\/span><\/p>\n<h3 id=\"u931-21\" style=\"text-align: center;\">Sucursal Degollado<\/h3>\n<p style=\"text-align: center;\">Degollado 4-A,\u00a0Talpa de Allende, Jalisco, M\u00e9xico.<\/p>\n<h3 id=\"u931-28\" style=\"text-align: center;\">Planta de Producci\u00f3n<\/h3>\n<p id=\"u931-30\" style=\"text-align: center;\">Calle Due\u00f1as,\u00a0<span id=\"u931-31\">Talpa de Allende, Jalisco, M\u00e9xico.<\/span><\/p>\n<p>&nbsp;<\/p>\n<hr \/>\n<h1 style=\"text-align: center;\">Ubicaciones<\/h1>\n<p>&nbsp;<\/p>\n<p style=\"text-align: center;\"><iframe loading=\"lazy\" src=\"https:\/\/www.google.com\/maps\/d\/embed?mid=1-A_Xqb7brXUT8NhtWQx65vnZ2fLbYLu6\" width=\"100%\" height=\"480\"><span data-mce-type=\"bookmark\" style=\"display: inline-block; width: 0px; overflow: hidden; line-height: 0;\" class=\"mce_SELRES_start\">\ufeff<\/span><\/iframe><\/p>\n","protected":false},"excerpt":{"rendered":"<p>Sucursal Matriz Independencia 39-A,\u00a0Col. Centro,\u00a0Talpa de Allende, Jalisco, M\u00e9xico. Sucursal Plaza Portal de la Plaza Principal,\u00a0Talpa de Allende, Jalisco, M\u00e9xico. Sucursal Degollado Degollado 4-A,\u00a0Talpa de Allende, Jalisco, M\u00e9xico. Planta de Producci\u00f3n Calle Due\u00f1as,\u00a0Talpa de Allende, Jalisco, M\u00e9xico. &nbsp; Ubicaciones &nbsp; \ufeff<\/p>\n","protected":false},"author":1,"featured_media":177,"parent":0,"menu_order":0,"comment_status":"closed","ping_status":"closed","template":"","meta":{"_joinchat":[],"footnotes":""},"class_list":["post-46","page","type-page","status-publish","has-post-thumbnail","hentry"],"_links":{"self":[{"href":"https:\/\/frutitalpa.com\/index.php?rest_route=\/wp\/v2\/pages\/46","targetHints":{"allow":["GET"]}}],"collection":[{"href":"https:\/\/frutitalpa.com\/index.php?rest_route=\/wp\/v2\/pages"}],"about":[{"href":"https:\/\/frutitalpa.com\/index.php?rest_route=\/wp\/v2\/types\/page"}],"author":[{"embeddable":true,"href":"https:\/\/frutitalpa.com\/index.php?rest_route=\/wp\/v2\/users\/1"}],"replies":[{"embeddable":true,"href":"https:\/\/frutitalpa.com\/index.php?rest_route=%2Fwp%2Fv2%2Fcomments&post=46"}],"version-history":[{"count":6,"href":"https:\/\/frutitalpa.com\/index.php?rest_route=\/wp\/v2\/pages\/46\/revisions"}],"predecessor-version":[{"id":160,"href":"https:\/\/frutitalpa.com\/index.php?rest_route=\/wp\/v2\/pages\/46\/revisions\/160"}],"wp:featuredmedia":[{"embeddable":true,"href":"https:\/\/frutitalpa.com\/index.php?rest_route=\/wp\/v2\/media\/177"}],"wp:attachment":[{"href":"https:\/\/frutitalpa.com\/index.php?rest_route=%2Fwp%2Fv2%2Fmedia&parent=46"}],"curies":[{"name":"wp","href":"https:\/\/api.w.org\/{rel}","templated":true}]}}